{"id":13565,"date":"2021-12-03T17:58:21","date_gmt":"2021-12-03T16:58:21","guid":{"rendered":"https:\/\/ya-soft.de\/impressum\/"},"modified":"2023-01-24T14:31:16","modified_gmt":"2023-01-24T13:31:16","slug":"impressum","status":"publish","type":"page","link":"https:\/\/ya-soft.de\/en\/impressum\/","title":{"rendered":"Impressum"},"content":{"rendered":"<p>Ya!Soft GmbH<br \/>\nFalkenstra\u00dfe 6<br \/>\nD-71032 B\u00f6blingen<\/p>\n<p>Tel: + 49 7031 \/ 78 88 02<br \/>\nFax: + 49 7031 \/ 78 88 03<\/p>\n<p>info@ya-soft.de<\/p>\n<p>Handelsregister Stuttgart Nr. 744177<br \/>\nUSt.IdNr. DE145170428<\/p>\n<p>Gesch\u00e4ftsf\u00fchrer:<br \/>\nImad Yassine, Ali Yassine<\/p>\n<p>Verantwortlich f\u00fcr den Inhalt nach \u00a7 55 Abs. 2 RStV:<br \/>\nImad Yassine und Ali Yassine<\/p>\n<p>Haftung f\u00fcr Inhalte<\/p>\n<p>Als Diensteanbieter sind wir gem\u00e4\u00df \u00a7 7 Abs.1 TMG f\u00fcr eigene Inhalte auf diesen Seiten nach den allgemeinen Gesetzen verantwortlich. Nach \u00a7\u00a7 8 bis 10 TMG sind wir als Diensteanbieter jedoch nicht verpflichtet, \u00fcbermittelte oder gespeicherte fremde Informationen zu \u00fcberwachen oder nach Umst\u00e4nden zu forschen, die auf eine rechtswidrige T\u00e4tigkeit hinweisen.<\/p>\n<p>Verpflichtungen zur Entfernung oder Sperrung der Nutzung von Informationen nach den allgemeinen Gesetzen bleiben hiervon unber\u00fchrt. Eine diesbez\u00fcgliche Haftung ist jedoch erst ab dem Zeitpunkt der Kenntnis einer konkreten Rechtsverletzung m\u00f6glich. Bei Bekanntwerden von entsprechenden Rechtsverletzungen werden wir diese Inhalte umgehend entfernen.<\/p>\n<p>Haftung f\u00fcr Links<\/p>\n<p>Unser Angebot enth\u00e4lt Links zu externen Websites Dritter, auf deren Inhalte wir keinen Einfluss haben. Deshalb k\u00f6nnen wir f\u00fcr diese fremden Inhalte auch keine Gew\u00e4hr \u00fcbernehmen. F\u00fcr die Inhalte der verlinkten Seiten ist stets der jeweilige Anbieter oder Betreiber der Seiten verantwortlich. Die verlinkten Seiten wurden zum Zeitpunkt der Verlinkung auf m\u00f6gliche Rechtsverst\u00f6\u00dfe \u00fcberpr\u00fcft. Rechtswidrige Inhalte waren zum Zeitpunkt der Verlinkung nicht erkennbar.<\/p>\n<p>Eine permanente inhaltliche Kontrolle der verlinkten Seiten ist jedoch ohne konkrete Anhaltspunkte einer Rechtsverletzung nicht zumutbar. Bei Bekanntwerden von Rechtsverletzungen werden wir derartige Links umgehend entfernen.<\/p>\n<p>Urheberrecht<\/p>\n<p>Die durch Ya!Soft GmbH erstellten Inhalte und Werke auf den Seiten unterliegen dem deutschen Urheberrecht. Die Vervielf\u00e4ltigung, Bearbeitung, Verbreitung und jede Art der Verwertung au\u00dferhalb der Grenzen des Urheberrechtes bed\u00fcrfen der schriftlichen Zustimmung des jeweiligen Autors bzw. Erstellers. Downloads und Kopien dieser Seite sind nur f\u00fcr den privaten, nicht kommerziellen Gebrauch gestattet.<\/p>\n<p>Soweit die Inhalte auf dieser Seite nicht vom Betreiber erstellt wurden, werden die Urheberrechte Dritter beachtet. Insbesondere werden Inhalte Dritter als solche gekennzeichnet. Sollten Sie trotzdem auf eine Urheberrechtsve<\/p>\n","protected":false},"excerpt":{"rendered":"<p>Ya!Soft GmbH Falkenstra\u00dfe 6 D-71032 B\u00f6blingen Tel: + 49 7031 \/ 78 88 02 Fax: + 49 7031 \/ 78 88 03 info@ya-soft.de Handelsregister Stuttgart Nr. 744177 USt.IdNr. DE145170428 Gesch\u00e4ftsf\u00fchrer: Imad Yassine, Ali Yassine Verantwortlich f\u00fcr den Inhalt nach \u00a7 55 Abs. 2 RStV: Imad Yassine und Ali Yassine Haftung f\u00fcr Inhalte Als Diensteanbieter sind&#8230;<\/p>\n","protected":false},"author":2,"featured_media":0,"parent":0,"menu_order":0,"comment_status":"closed","ping_status":"closed","template":"","meta":{"footnotes":"","_links_to":"","_links_to_target":""},"class_list":["post-13565","page","type-page","status-publish","hentry"],"yoast_head":"<!-- This site is optimized with the Yoast SEO plugin v27.3 - https:\/\/yoast.com\/product\/yoast-seo-wordpress\/ -->\n<title>Impressum - Ya!Soft GmbH<\/title>\n<meta name=\"robots\" content=\"noindex, nofollow\" \/>\n<meta property=\"og:locale\" content=\"en_US\" \/>\n<meta property=\"og:type\" content=\"article\" \/>\n<meta property=\"og:title\" content=\"Impressum - Ya!Soft GmbH\" \/>\n<meta property=\"og:description\" content=\"Ya!Soft GmbH Falkenstra\u00dfe 6 D-71032 B\u00f6blingen Tel: + 49 7031 \/ 78 88 02 Fax: + 49 7031 \/ 78 88 03 info@ya-soft.de Handelsregister Stuttgart Nr. 744177 USt.IdNr. DE145170428 Gesch\u00e4ftsf\u00fchrer: Imad Yassine, Ali Yassine Verantwortlich f\u00fcr den Inhalt nach \u00a7 55 Abs. 2 RStV: Imad Yassine und Ali Yassine Haftung f\u00fcr Inhalte Als Diensteanbieter sind...\" \/>\n<meta property=\"og:url\" content=\"https:\/\/ya-soft.de\/en\/impressum\/\" \/>\n<meta property=\"og:site_name\" content=\"Ya!Soft GmbH\" \/>\n<meta property=\"article:modified_time\" content=\"2023-01-24T13:31:16+00:00\" \/>\n<meta property=\"og:image\" content=\"https:\/\/ya-soft.de\/wp-content\/uploads\/2022\/09\/yasoft_social-image.jpg\" \/>\n\t<meta property=\"og:image:width\" content=\"1920\" \/>\n\t<meta property=\"og:image:height\" content=\"1282\" \/>\n\t<meta property=\"og:image:type\" content=\"image\/jpeg\" \/>\n<meta name=\"twitter:card\" content=\"summary_large_image\" \/>\n<meta name=\"twitter:label1\" content=\"Est. reading time\" \/>\n\t<meta name=\"twitter:data1\" content=\"2 minutes\" \/>\n<script type=\"application\/ld+json\" class=\"yoast-schema-graph\">{\"@context\":\"https:\\\/\\\/schema.org\",\"@graph\":[{\"@type\":\"WebPage\",\"@id\":\"https:\\\/\\\/ya-soft.de\\\/en\\\/impressum\\\/\",\"url\":\"https:\\\/\\\/ya-soft.de\\\/en\\\/impressum\\\/\",\"name\":\"Impressum - Ya!Soft GmbH\",\"isPartOf\":{\"@id\":\"https:\\\/\\\/ya-soft.de\\\/#website\"},\"datePublished\":\"2021-12-03T16:58:21+00:00\",\"dateModified\":\"2023-01-24T13:31:16+00:00\",\"breadcrumb\":{\"@id\":\"https:\\\/\\\/ya-soft.de\\\/en\\\/impressum\\\/#breadcrumb\"},\"inLanguage\":\"en-US\",\"potentialAction\":[{\"@type\":\"ReadAction\",\"target\":[\"https:\\\/\\\/ya-soft.de\\\/en\\\/impressum\\\/\"]}]},{\"@type\":\"BreadcrumbList\",\"@id\":\"https:\\\/\\\/ya-soft.de\\\/en\\\/impressum\\\/#breadcrumb\",\"itemListElement\":[{\"@type\":\"ListItem\",\"position\":1,\"name\":\"Startseite\",\"item\":\"https:\\\/\\\/ya-soft.de\\\/en\\\/\"},{\"@type\":\"ListItem\",\"position\":2,\"name\":\"Impressum\"}]},{\"@type\":\"WebSite\",\"@id\":\"https:\\\/\\\/ya-soft.de\\\/#website\",\"url\":\"https:\\\/\\\/ya-soft.de\\\/\",\"name\":\"Ya!Soft GmbH\",\"description\":\"SAP Softwareentwicklung und Projektrealisierung\",\"potentialAction\":[{\"@type\":\"SearchAction\",\"target\":{\"@type\":\"EntryPoint\",\"urlTemplate\":\"https:\\\/\\\/ya-soft.de\\\/?s={search_term_string}\"},\"query-input\":{\"@type\":\"PropertyValueSpecification\",\"valueRequired\":true,\"valueName\":\"search_term_string\"}}],\"inLanguage\":\"en-US\"}]}<\/script>\n<!-- \/ Yoast SEO plugin. -->","yoast_head_json":{"title":"Impressum - Ya!Soft GmbH","robots":{"index":"noindex","follow":"nofollow"},"og_locale":"en_US","og_type":"article","og_title":"Impressum - Ya!Soft GmbH","og_description":"Ya!Soft GmbH Falkenstra\u00dfe 6 D-71032 B\u00f6blingen Tel: + 49 7031 \/ 78 88 02 Fax: + 49 7031 \/ 78 88 03 info@ya-soft.de Handelsregister Stuttgart Nr. 744177 USt.IdNr. DE145170428 Gesch\u00e4ftsf\u00fchrer: Imad Yassine, Ali Yassine Verantwortlich f\u00fcr den Inhalt nach \u00a7 55 Abs. 2 RStV: Imad Yassine und Ali Yassine Haftung f\u00fcr Inhalte Als Diensteanbieter sind...","og_url":"https:\/\/ya-soft.de\/en\/impressum\/","og_site_name":"Ya!Soft GmbH","article_modified_time":"2023-01-24T13:31:16+00:00","og_image":[{"width":1920,"height":1282,"url":"https:\/\/ya-soft.de\/wp-content\/uploads\/2022\/09\/yasoft_social-image.jpg","type":"image\/jpeg"}],"twitter_card":"summary_large_image","twitter_misc":{"Est. reading time":"2 minutes"},"schema":{"@context":"https:\/\/schema.org","@graph":[{"@type":"WebPage","@id":"https:\/\/ya-soft.de\/en\/impressum\/","url":"https:\/\/ya-soft.de\/en\/impressum\/","name":"Impressum - Ya!Soft GmbH","isPartOf":{"@id":"https:\/\/ya-soft.de\/#website"},"datePublished":"2021-12-03T16:58:21+00:00","dateModified":"2023-01-24T13:31:16+00:00","breadcrumb":{"@id":"https:\/\/ya-soft.de\/en\/impressum\/#breadcrumb"},"inLanguage":"en-US","potentialAction":[{"@type":"ReadAction","target":["https:\/\/ya-soft.de\/en\/impressum\/"]}]},{"@type":"BreadcrumbList","@id":"https:\/\/ya-soft.de\/en\/impressum\/#breadcrumb","itemListElement":[{"@type":"ListItem","position":1,"name":"Startseite","item":"https:\/\/ya-soft.de\/en\/"},{"@type":"ListItem","position":2,"name":"Impressum"}]},{"@type":"WebSite","@id":"https:\/\/ya-soft.de\/#website","url":"https:\/\/ya-soft.de\/","name":"Ya!Soft GmbH","description":"SAP Softwareentwicklung und Projektrealisierung","potentialAction":[{"@type":"SearchAction","target":{"@type":"EntryPoint","urlTemplate":"https:\/\/ya-soft.de\/?s={search_term_string}"},"query-input":{"@type":"PropertyValueSpecification","valueRequired":true,"valueName":"search_term_string"}}],"inLanguage":"en-US"}]}},"_links":{"self":[{"href":"https:\/\/ya-soft.de\/en\/wp-json\/wp\/v2\/pages\/13565","targetHints":{"allow":["GET"]}}],"collection":[{"href":"https:\/\/ya-soft.de\/en\/wp-json\/wp\/v2\/pages"}],"about":[{"href":"https:\/\/ya-soft.de\/en\/wp-json\/wp\/v2\/types\/page"}],"author":[{"embeddable":true,"href":"https:\/\/ya-soft.de\/en\/wp-json\/wp\/v2\/users\/2"}],"replies":[{"embeddable":true,"href":"https:\/\/ya-soft.de\/en\/wp-json\/wp\/v2\/comments?post=13565"}],"version-history":[{"count":1,"href":"https:\/\/ya-soft.de\/en\/wp-json\/wp\/v2\/pages\/13565\/revisions"}],"predecessor-version":[{"id":13566,"href":"https:\/\/ya-soft.de\/en\/wp-json\/wp\/v2\/pages\/13565\/revisions\/13566"}],"wp:attachment":[{"href":"https:\/\/ya-soft.de\/en\/wp-json\/wp\/v2\/media?parent=13565"}],"curies":[{"name":"wp","href":"https:\/\/api.w.org\/{rel}","templated":true}]}}